{"id":7,"date":"2025-10-08T05:47:13","date_gmt":"2025-10-08T05:47:13","guid":{"rendered":"https:\/\/traduceri-ucraineana.ro\/contact\/"},"modified":"2025-11-12T14:43:45","modified_gmt":"2025-11-12T14:43:45","slug":"contact","status":"publish","type":"page","link":"https:\/\/traduceri-ucraineana.ro\/uk\/contact\/","title":{"rendered":"\u041a\u043e\u043d\u0442\u0430\u043a\u0442\u0438"},"content":{"rendered":"<div data-elementor-type=\"wp-page\" data-elementor-id=\"7\" class=\"elementor elementor-7\">\n\t\t\t\t<div class=\"elementor-element elementor-element-ecc6325 e-flex e-con-boxed e-con e-parent\" data-id=\"ecc6325\" data-element_type=\"container\">\n\t\t\t\t\t<div class=\"e-con-inner\">\n\t\t\t\t<div class=\"elementor-element elementor-element-6956b69 elementor-drop-cap-yes elementor-drop-cap-view-default elementor-widget elementor-widget-text-editor\" data-id=\"6956b69\" data-element_type=\"widget\" data-settings=\"{&quot;drop_cap&quot;:&quot;yes&quot;}\" data-widget_type=\"text-editor.default\">\n\t\t\t\t\t\t\t\t\t<p>Pentru informa\u021bii suplimentare, colabor\u0103ri sau pentru a solicita o ofert\u0103 personalizat\u0103 de traducere, m\u0103 pute\u021bi contacta prin una dintre urm\u0103toarele modalit\u0103\u021bi:<\/p><ul data-start=\"323\" data-end=\"521\"><li data-start=\"323\" data-end=\"355\"><strong data-start=\"325\" data-end=\"337\">Telefon:<\/strong> +40 746 823 152<\/li><li data-start=\"356\" data-end=\"425\"><strong data-start=\"358\" data-end=\"369\">E-mail:<\/strong> <a class=\"decorated-link cursor-pointer\" rel=\"noopener\" data-start=\"370\" data-end=\"423\">elena.iuliansoare@gmail.com<\/a><\/li><li data-start=\"426\" data-end=\"475\"><strong data-start=\"428\" data-end=\"439\">Adres\u0103:<\/strong> Municipiul Pite\u0219ti, jude\u021bul Arge\u0219<\/li><li data-start=\"476\" data-end=\"521\"><strong data-start=\"478\" data-end=\"490\">Program:<\/strong> Luni \u2013 Vineri, 09:00 \u2013 18:00<\/li><\/ul><p>A\u0219tept cu interes oportunitatea de a colabora!<\/p>\t\t\t\t\t\t\t\t<\/div>\n\t\t\t\t\t<\/div>\n\t\t\t\t<\/div>\n\t\t<div class=\"elementor-element elementor-element-a78b9cc e-flex e-con-boxed e-con e-parent\" data-id=\"a78b9cc\" data-element_type=\"container\">\n\t\t\t\t\t<div class=\"e-con-inner\">\n\t\t\t\t<div class=\"elementor-element elementor-element-55334b3 elementor-widget elementor-widget-google_maps\" data-id=\"55334b3\" data-element_type=\"widget\" data-widget_type=\"google_maps.default\">\n\t\t\t\t\t\t\t<div class=\"elementor-custom-embed\">\n\t\t\t<iframe loading=\"lazy\"\n\t\t\t\t\tsrc=\"https:\/\/maps.google.com\/maps?q=Romania%2C%20ora%C8%99ul%20Ptesti&#038;t=m&#038;z=11&#038;output=embed&#038;iwloc=near\"\n\t\t\t\t\ttitle=\"Romania, ora\u0219ul Ptesti\"\n\t\t\t\t\taria-label=\"Romania, ora\u0219ul Ptesti\"\n\t\t\t><\/iframe>\n\t\t<\/div>\n\t\t\t\t\t\t<\/div>\n\t\t\t\t\t<\/div>\n\t\t\t\t<\/div>\n\t\t\t\t<\/div>","protected":false},"excerpt":{"rendered":"<p>Pentru informa\u021bii suplimentare, colabor\u0103ri sau pentru a solicita o ofert\u0103 personalizat\u0103 de traducere, m\u0103 pute\u021bi contacta prin una dintre urm\u0103toarele modalit\u0103\u021bi: Telefon: +40 746 823 152 E-mail: elena.iuliansoare@gmail.com Adres\u0103: Municipiul Pite\u0219ti, jude\u021bul Arge\u0219 Program: Luni \u2013 Vineri, 09:00 \u2013 18:00 A\u0219tept cu interes oportunitatea de a colabora!<\/p>","protected":false},"author":1,"featured_media":0,"parent":0,"menu_order":0,"comment_status":"closed","ping_status":"closed","template":"","meta":{"footnotes":""},"class_list":["post-7","page","type-page","status-publish","hentry"],"yoast_head":"<!-- This site is optimized with the Yoast SEO plugin v26.2 - https:\/\/yoast.com\/wordpress\/plugins\/seo\/ -->\n<title>Contact - Traduceri autorizate rom\u00e2n\u0103 - ucrainean\u0103 - rus\u0103<\/title>\n<meta name=\"robots\" content=\"index, follow, max-snippet:-1, max-image-preview:large, max-video-preview:-1\" \/>\n<link rel=\"canonical\" href=\"https:\/\/traduceri-ucraineana.ro\/uk\/contact\/\" \/>\n<meta property=\"og:locale\" content=\"uk_UA\" \/>\n<meta property=\"og:type\" content=\"article\" \/>\n<meta property=\"og:title\" content=\"Contact - Traduceri autorizate rom\u00e2n\u0103 - ucrainean\u0103 - rus\u0103\" \/>\n<meta property=\"og:description\" content=\"Pentru informa\u021bii suplimentare, colabor\u0103ri sau pentru a solicita o ofert\u0103 personalizat\u0103 de traducere, m\u0103 pute\u021bi contacta prin una dintre urm\u0103toarele modalit\u0103\u021bi: Telefon: +40 746 823 152 E-mail: elena.iuliansoare@gmail.com Adres\u0103: Municipiul Pite\u0219ti, jude\u021bul Arge\u0219 Program: Luni \u2013 Vineri, 09:00 \u2013 18:00 A\u0219tept cu interes oportunitatea de a colabora!\" \/>\n<meta property=\"og:url\" content=\"https:\/\/traduceri-ucraineana.ro\/uk\/contact\/\" \/>\n<meta property=\"og:site_name\" content=\"Traduceri autorizate rom\u00e2n\u0103 - ucrainean\u0103 - rus\u0103\" \/>\n<meta property=\"article:publisher\" content=\"https:\/\/www.facebook.com\/alionamadjar87\/\" \/>\n<meta property=\"article:modified_time\" content=\"2025-11-12T14:43:45+00:00\" \/>\n<meta name=\"twitter:card\" content=\"summary_large_image\" \/>\n<meta name=\"twitter:label1\" content=\"\u041f\u0440\u0438\u0431\u043b. \u0447\u0430\u0441 \u0447\u0438\u0442\u0430\u043d\u043d\u044f\" \/>\n\t<meta name=\"twitter:data1\" content=\"1 \u0445\u0432\u0438\u043b\u0438\u043d\u0430\" \/>\n<script type=\"application\/ld+json\" class=\"yoast-schema-graph\">{\"@context\":\"https:\/\/schema.org\",\"@graph\":[{\"@type\":\"WebPage\",\"@id\":\"https:\/\/traduceri-ucraineana.ro\/contact\/\",\"url\":\"https:\/\/traduceri-ucraineana.ro\/contact\/\",\"name\":\"Contact - Traduceri autorizate rom\u00e2n\u0103 - ucrainean\u0103 - rus\u0103\",\"isPartOf\":{\"@id\":\"https:\/\/traduceri-ucraineana.ro\/#website\"},\"datePublished\":\"2025-10-08T05:47:13+00:00\",\"dateModified\":\"2025-11-12T14:43:45+00:00\",\"breadcrumb\":{\"@id\":\"https:\/\/traduceri-ucraineana.ro\/contact\/#breadcrumb\"},\"inLanguage\":\"uk\",\"potentialAction\":[{\"@type\":\"ReadAction\",\"target\":[\"https:\/\/traduceri-ucraineana.ro\/contact\/\"]}]},{\"@type\":\"BreadcrumbList\",\"@id\":\"https:\/\/traduceri-ucraineana.ro\/contact\/#breadcrumb\",\"itemListElement\":[{\"@type\":\"ListItem\",\"position\":1,\"name\":\"Home\",\"item\":\"https:\/\/traduceri-ucraineana.ro\/\"},{\"@type\":\"ListItem\",\"position\":2,\"name\":\"Contact\"}]},{\"@type\":\"WebSite\",\"@id\":\"https:\/\/traduceri-ucraineana.ro\/#website\",\"url\":\"https:\/\/traduceri-ucraineana.ro\/\",\"name\":\"Traduceri autorizate rom\u00e2n\u0103 ucrainean\u0103\",\"description\":\"\",\"potentialAction\":[{\"@type\":\"SearchAction\",\"target\":{\"@type\":\"EntryPoint\",\"urlTemplate\":\"https:\/\/traduceri-ucraineana.ro\/?s={search_term_string}\"},\"query-input\":{\"@type\":\"PropertyValueSpecification\",\"valueRequired\":true,\"valueName\":\"search_term_string\"}}],\"inLanguage\":\"uk\"}]}<\/script>\n<!-- \/ Yoast SEO plugin. -->","yoast_head_json":{"title":"Contact - Traduceri autorizate rom\u00e2n\u0103 - ucrainean\u0103 - rus\u0103","robots":{"index":"index","follow":"follow","max-snippet":"max-snippet:-1","max-image-preview":"max-image-preview:large","max-video-preview":"max-video-preview:-1"},"canonical":"https:\/\/traduceri-ucraineana.ro\/uk\/contact\/","og_locale":"uk_UA","og_type":"article","og_title":"Contact - Traduceri autorizate rom\u00e2n\u0103 - ucrainean\u0103 - rus\u0103","og_description":"Pentru informa\u021bii suplimentare, colabor\u0103ri sau pentru a solicita o ofert\u0103 personalizat\u0103 de traducere, m\u0103 pute\u021bi contacta prin una dintre urm\u0103toarele modalit\u0103\u021bi: Telefon: +40 746 823 152 E-mail: elena.iuliansoare@gmail.com Adres\u0103: Municipiul Pite\u0219ti, jude\u021bul Arge\u0219 Program: Luni \u2013 Vineri, 09:00 \u2013 18:00 A\u0219tept cu interes oportunitatea de a colabora!","og_url":"https:\/\/traduceri-ucraineana.ro\/uk\/contact\/","og_site_name":"Traduceri autorizate rom\u00e2n\u0103 - ucrainean\u0103 - rus\u0103","article_publisher":"https:\/\/www.facebook.com\/alionamadjar87\/","article_modified_time":"2025-11-12T14:43:45+00:00","twitter_card":"summary_large_image","twitter_misc":{"\u041f\u0440\u0438\u0431\u043b. \u0447\u0430\u0441 \u0447\u0438\u0442\u0430\u043d\u043d\u044f":"1 \u0445\u0432\u0438\u043b\u0438\u043d\u0430"},"schema":{"@context":"https:\/\/schema.org","@graph":[{"@type":"WebPage","@id":"https:\/\/traduceri-ucraineana.ro\/contact\/","url":"https:\/\/traduceri-ucraineana.ro\/contact\/","name":"Contact - Traduceri autorizate rom\u00e2n\u0103 - ucrainean\u0103 - rus\u0103","isPartOf":{"@id":"https:\/\/traduceri-ucraineana.ro\/#website"},"datePublished":"2025-10-08T05:47:13+00:00","dateModified":"2025-11-12T14:43:45+00:00","breadcrumb":{"@id":"https:\/\/traduceri-ucraineana.ro\/contact\/#breadcrumb"},"inLanguage":"uk","potentialAction":[{"@type":"ReadAction","target":["https:\/\/traduceri-ucraineana.ro\/contact\/"]}]},{"@type":"BreadcrumbList","@id":"https:\/\/traduceri-ucraineana.ro\/contact\/#breadcrumb","itemListElement":[{"@type":"ListItem","position":1,"name":"Home","item":"https:\/\/traduceri-ucraineana.ro\/"},{"@type":"ListItem","position":2,"name":"Contact"}]},{"@type":"WebSite","@id":"https:\/\/traduceri-ucraineana.ro\/#website","url":"https:\/\/traduceri-ucraineana.ro\/","name":"Traduceri autorizate rom\u00e2n\u0103 ucrainean\u0103","description":"","potentialAction":[{"@type":"SearchAction","target":{"@type":"EntryPoint","urlTemplate":"https:\/\/traduceri-ucraineana.ro\/?s={search_term_string}"},"query-input":{"@type":"PropertyValueSpecification","valueRequired":true,"valueName":"search_term_string"}}],"inLanguage":"uk"}]}},"_hostinger_reach_plugin_has_subscription_block":false,"_hostinger_reach_plugin_is_elementor":false,"_links":{"self":[{"href":"https:\/\/traduceri-ucraineana.ro\/uk\/wp-json\/wp\/v2\/pages\/7","targetHints":{"allow":["GET"]}}],"collection":[{"href":"https:\/\/traduceri-ucraineana.ro\/uk\/wp-json\/wp\/v2\/pages"}],"about":[{"href":"https:\/\/traduceri-ucraineana.ro\/uk\/wp-json\/wp\/v2\/types\/page"}],"author":[{"embeddable":true,"href":"https:\/\/traduceri-ucraineana.ro\/uk\/wp-json\/wp\/v2\/users\/1"}],"replies":[{"embeddable":true,"href":"https:\/\/traduceri-ucraineana.ro\/uk\/wp-json\/wp\/v2\/comments?post=7"}],"version-history":[{"count":23,"href":"https:\/\/traduceri-ucraineana.ro\/uk\/wp-json\/wp\/v2\/pages\/7\/revisions"}],"predecessor-version":[{"id":405,"href":"https:\/\/traduceri-ucraineana.ro\/uk\/wp-json\/wp\/v2\/pages\/7\/revisions\/405"}],"wp:attachment":[{"href":"https:\/\/traduceri-ucraineana.ro\/uk\/wp-json\/wp\/v2\/media?parent=7"}],"curies":[{"name":"wp","href":"https:\/\/api.w.org\/{rel}","templated":true}]}}