{"id":6,"date":"2025-10-08T05:47:13","date_gmt":"2025-10-08T05:47:13","guid":{"rendered":"https:\/\/traduceri-ucraineana.ro\/services\/"},"modified":"2025-11-12T14:56:12","modified_gmt":"2025-11-12T14:56:12","slug":"servicii","status":"publish","type":"page","link":"https:\/\/traduceri-ucraineana.ro\/uk\/servicii\/","title":{"rendered":"\u041f\u043e\u0441\u043b\u0443\u0433\u0438"},"content":{"rendered":"<div data-elementor-type=\"wp-page\" data-elementor-id=\"6\" class=\"elementor elementor-6\">\n\t\t\t\t<div class=\"elementor-element elementor-element-203829a e-flex e-con-boxed e-con e-parent\" data-id=\"203829a\" data-element_type=\"container\">\n\t\t\t\t\t<div class=\"e-con-inner\">\n\t\t\t\t<div class=\"elementor-element elementor-element-3911f453 elementor-widget elementor-widget-text-editor\" data-id=\"3911f453\" data-element_type=\"widget\" data-widget_type=\"text-editor.default\">\n\t\t\t\t\t\t\t\t\t<div class=\"wp-block-group\"><p><strong>Serviciile pe care le ofer includ:<\/strong><\/p><p><!-- \/wp:paragraph --><!-- wp:image {\"id\":18,\"width\":\"375px\",\"height\":\"auto\",\"sizeSlug\":\"full\",\"linkDestination\":\"none\",\"className\":\"hostinger-ai-project-image hostinger-index-3\",\"style\":{\"border\":{\"radius\":\"20px\"}}} --><\/p><figure class=\"wp-block-image size-full is-resized has-custom-border hostinger-ai-project-image hostinger-index-3\"><img decoding=\"async\" class=\"wp-image-18\" style=\"border-radius: 20px; width: 375px; height: auto;\" src=\"https:\/\/images.unsplash.com\/photo-1612350892460-b23f3320b073?q=85&amp;w=584&amp;h=438&amp;fit=crop\" alt=\"An open bilingual book with text in two languages, possibly English and Chinese, lies on a soft white surface. A pair of glasses rests above the book, and to the right, there is a sprig of small white dried flowers.\" data-wp-editing=\"1\" \/><\/figure><p><!-- \/wp:image --><\/p><\/div><p><!-- \/wp:group --><!-- wp:list --><\/p><ul class=\"wp-block-list\"><li style=\"list-style-type: none;\"><ul class=\"wp-block-list\"><!-- wp:list-item --><\/ul><\/li><\/ul><p>\ud83d\udd39 <span style=\"text-decoration: underline;\">Traduceri autorizate pentru documente oficiale<\/span><\/p><p>Acte de identitate, certificate, diplome, acte de stare civil\u0103, documente notariale sau juridice.\u00a0 Traducerile sunt realizate cu certificare oficial\u0103 \u0219i respectarea strict\u0103 a confiden\u021bialit\u0103\u021bii.<\/p><p>\ud83d\udd39<span style=\"text-decoration: underline;\"> Traduceri juridice<\/span><\/p><p>Contracte, procuri, hot\u0103r\u00e2ri judec\u0103tore\u0219ti, acte normative \u0219i alte documente cu terminologie de specialitate.\u00a0<\/p><p>\ud83d\udd39 <span style=\"text-decoration: underline;\">Traduceri comerciale \u0219i de afaceri<\/span><\/p><p>Documente fiscale, rapoarte financiare, coresponden\u021b\u0103 de afaceri, materiale de prezentare pentru companii.<\/p><p>\ud83d\udd39 <span style=\"text-decoration: underline;\">Localizare website-uri \u0219i aplica\u021bii<\/span><\/p><p>Adaptarea con\u021binutului digital la limba \u0219i cultura publicului \u021bint\u0103, pentru o comunicare natural\u0103 \u0219i autentic\u0103.<\/p><p>\ud83d\udd39<span style=\"text-decoration: underline;\"> Interpretariat<\/span><\/p><p>Asisten\u021b\u0103 lingvistic\u0103 pentru \u00eent\u00e2lniri, conferin\u021be, \u0219edin\u021be online sau evenimente oficiale.<\/p><p><!-- \/wp:list-item --><\/p><p><!-- \/wp:list --><!-- wp:group {\"align\":\"full\",\"className\":\"hostinger-ai-our-projects-3 hostinger-ai-fade-up\",\"layout\":{\"type\":\"constrained\"}} --><\/p><div class=\"wp-block-group alignfull hostinger-ai-our-projects-3 hostinger-ai-fade-up\" data-aos=\"fade-up\"><p><!-- wp:group {\"align\":\"wide\",\"className\":\"hostinger-ai-fade-up\",\"layout\":{\"type\":\"constrained\",\"justifyContent\":\"left\"}} --><\/p><div class=\"wp-block-group alignwide hostinger-ai-fade-up\"><!-- wp:heading {\"textAlign\":\"left\",\"className\":\"is-style-default hostinger-ai-title\",\"style\":{\"elements\":{\"link\":{\"color\":{\"text\":\"var:preset|color|dark\"}}},\"spacing\":{\"margin\":{\"bottom\":\"var:preset|spacing|30\"}}},\"textColor\":\"dark\",\"fontSize\":\"x-large\"} --><\/div><\/div><p><!-- \/wp:paragraph --><\/p>\t\t\t\t\t\t\t\t<\/div>\n\t\t\t\t\t<\/div>\n\t\t\t\t<\/div>\n\t\t\t\t<\/div>","protected":false},"excerpt":{"rendered":"<p>Serviciile pe care le ofer includ: \ud83d\udd39 Traduceri autorizate pentru documente oficiale Acte de identitate, certificate, diplome, acte de stare civil\u0103, documente notariale sau juridice.\u00a0 Traducerile sunt realizate cu certificare oficial\u0103 \u0219i respectarea strict\u0103 a confiden\u021bialit\u0103\u021bii. \ud83d\udd39 Traduceri juridice Contracte, procuri, hot\u0103r\u00e2ri judec\u0103tore\u0219ti, acte normative \u0219i alte documente cu terminologie de specialitate.\u00a0 \ud83d\udd39 Traduceri comerciale [&hellip;]<\/p>","protected":false},"author":1,"featured_media":0,"parent":0,"menu_order":4,"comment_status":"closed","ping_status":"closed","template":"","meta":{"footnotes":""},"class_list":["post-6","page","type-page","status-publish","hentry"],"yoast_head":"<!-- This site is optimized with the Yoast SEO plugin v26.2 - https:\/\/yoast.com\/wordpress\/plugins\/seo\/ -->\n<title>Servicii - Traduceri autorizate rom\u00e2n\u0103 - ucrainean\u0103 - rus\u0103<\/title>\n<meta name=\"robots\" content=\"index, follow, max-snippet:-1, max-image-preview:large, max-video-preview:-1\" \/>\n<link rel=\"canonical\" href=\"https:\/\/traduceri-ucraineana.ro\/uk\/servicii\/\" \/>\n<meta property=\"og:locale\" content=\"uk_UA\" \/>\n<meta property=\"og:type\" content=\"article\" \/>\n<meta property=\"og:title\" content=\"Servicii - Traduceri autorizate rom\u00e2n\u0103 - ucrainean\u0103 - rus\u0103\" \/>\n<meta property=\"og:description\" content=\"Serviciile pe care le ofer includ: \ud83d\udd39 Traduceri autorizate pentru documente oficiale Acte de identitate, certificate, diplome, acte de stare civil\u0103, documente notariale sau juridice.\u00a0 Traducerile sunt realizate cu certificare oficial\u0103 \u0219i respectarea strict\u0103 a confiden\u021bialit\u0103\u021bii. \ud83d\udd39 Traduceri juridice Contracte, procuri, hot\u0103r\u00e2ri judec\u0103tore\u0219ti, acte normative \u0219i alte documente cu terminologie de specialitate.\u00a0 \ud83d\udd39 Traduceri comerciale [&hellip;]\" \/>\n<meta property=\"og:url\" content=\"https:\/\/traduceri-ucraineana.ro\/uk\/servicii\/\" \/>\n<meta property=\"og:site_name\" content=\"Traduceri autorizate rom\u00e2n\u0103 - ucrainean\u0103 - rus\u0103\" \/>\n<meta property=\"article:publisher\" content=\"https:\/\/www.facebook.com\/alionamadjar87\/\" \/>\n<meta property=\"article:modified_time\" content=\"2025-11-12T14:56:12+00:00\" \/>\n<meta name=\"twitter:card\" content=\"summary_large_image\" \/>\n<meta name=\"twitter:label1\" content=\"\u041f\u0440\u0438\u0431\u043b. \u0447\u0430\u0441 \u0447\u0438\u0442\u0430\u043d\u043d\u044f\" \/>\n\t<meta name=\"twitter:data1\" content=\"1 \u0445\u0432\u0438\u043b\u0438\u043d\u0430\" \/>\n<script type=\"application\/ld+json\" class=\"yoast-schema-graph\">{\"@context\":\"https:\/\/schema.org\",\"@graph\":[{\"@type\":\"WebPage\",\"@id\":\"https:\/\/traduceri-ucraineana.ro\/servicii\/\",\"url\":\"https:\/\/traduceri-ucraineana.ro\/servicii\/\",\"name\":\"Servicii - Traduceri autorizate rom\u00e2n\u0103 - ucrainean\u0103 - rus\u0103\",\"isPartOf\":{\"@id\":\"https:\/\/traduceri-ucraineana.ro\/#website\"},\"primaryImageOfPage\":{\"@id\":\"https:\/\/traduceri-ucraineana.ro\/servicii\/#primaryimage\"},\"image\":{\"@id\":\"https:\/\/traduceri-ucraineana.ro\/servicii\/#primaryimage\"},\"thumbnailUrl\":\"https:\/\/images.unsplash.com\/photo-1612350892460-b23f3320b073?q=85&amp;w=584&amp;h=438&amp;fit=crop\",\"datePublished\":\"2025-10-08T05:47:13+00:00\",\"dateModified\":\"2025-11-12T14:56:12+00:00\",\"breadcrumb\":{\"@id\":\"https:\/\/traduceri-ucraineana.ro\/servicii\/#breadcrumb\"},\"inLanguage\":\"uk\",\"potentialAction\":[{\"@type\":\"ReadAction\",\"target\":[\"https:\/\/traduceri-ucraineana.ro\/servicii\/\"]}]},{\"@type\":\"ImageObject\",\"inLanguage\":\"uk\",\"@id\":\"https:\/\/traduceri-ucraineana.ro\/servicii\/#primaryimage\",\"url\":\"https:\/\/images.unsplash.com\/photo-1612350892460-b23f3320b073?q=85&amp;w=584&amp;h=438&amp;fit=crop\",\"contentUrl\":\"https:\/\/images.unsplash.com\/photo-1612350892460-b23f3320b073?q=85&amp;w=584&amp;h=438&amp;fit=crop\"},{\"@type\":\"BreadcrumbList\",\"@id\":\"https:\/\/traduceri-ucraineana.ro\/servicii\/#breadcrumb\",\"itemListElement\":[{\"@type\":\"ListItem\",\"position\":1,\"name\":\"Home\",\"item\":\"https:\/\/traduceri-ucraineana.ro\/\"},{\"@type\":\"ListItem\",\"position\":2,\"name\":\"Servicii\"}]},{\"@type\":\"WebSite\",\"@id\":\"https:\/\/traduceri-ucraineana.ro\/#website\",\"url\":\"https:\/\/traduceri-ucraineana.ro\/\",\"name\":\"Traduceri autorizate rom\u00e2n\u0103 ucrainean\u0103\",\"description\":\"\",\"potentialAction\":[{\"@type\":\"SearchAction\",\"target\":{\"@type\":\"EntryPoint\",\"urlTemplate\":\"https:\/\/traduceri-ucraineana.ro\/?s={search_term_string}\"},\"query-input\":{\"@type\":\"PropertyValueSpecification\",\"valueRequired\":true,\"valueName\":\"search_term_string\"}}],\"inLanguage\":\"uk\"}]}<\/script>\n<!-- \/ Yoast SEO plugin. -->","yoast_head_json":{"title":"Servicii - Traduceri autorizate rom\u00e2n\u0103 - ucrainean\u0103 - rus\u0103","robots":{"index":"index","follow":"follow","max-snippet":"max-snippet:-1","max-image-preview":"max-image-preview:large","max-video-preview":"max-video-preview:-1"},"canonical":"https:\/\/traduceri-ucraineana.ro\/uk\/servicii\/","og_locale":"uk_UA","og_type":"article","og_title":"Servicii - Traduceri autorizate rom\u00e2n\u0103 - ucrainean\u0103 - rus\u0103","og_description":"Serviciile pe care le ofer includ: \ud83d\udd39 Traduceri autorizate pentru documente oficiale Acte de identitate, certificate, diplome, acte de stare civil\u0103, documente notariale sau juridice.\u00a0 Traducerile sunt realizate cu certificare oficial\u0103 \u0219i respectarea strict\u0103 a confiden\u021bialit\u0103\u021bii. \ud83d\udd39 Traduceri juridice Contracte, procuri, hot\u0103r\u00e2ri judec\u0103tore\u0219ti, acte normative \u0219i alte documente cu terminologie de specialitate.\u00a0 \ud83d\udd39 Traduceri comerciale [&hellip;]","og_url":"https:\/\/traduceri-ucraineana.ro\/uk\/servicii\/","og_site_name":"Traduceri autorizate rom\u00e2n\u0103 - ucrainean\u0103 - rus\u0103","article_publisher":"https:\/\/www.facebook.com\/alionamadjar87\/","article_modified_time":"2025-11-12T14:56:12+00:00","twitter_card":"summary_large_image","twitter_misc":{"\u041f\u0440\u0438\u0431\u043b. \u0447\u0430\u0441 \u0447\u0438\u0442\u0430\u043d\u043d\u044f":"1 \u0445\u0432\u0438\u043b\u0438\u043d\u0430"},"schema":{"@context":"https:\/\/schema.org","@graph":[{"@type":"WebPage","@id":"https:\/\/traduceri-ucraineana.ro\/servicii\/","url":"https:\/\/traduceri-ucraineana.ro\/servicii\/","name":"Servicii - Traduceri autorizate rom\u00e2n\u0103 - ucrainean\u0103 - rus\u0103","isPartOf":{"@id":"https:\/\/traduceri-ucraineana.ro\/#website"},"primaryImageOfPage":{"@id":"https:\/\/traduceri-ucraineana.ro\/servicii\/#primaryimage"},"image":{"@id":"https:\/\/traduceri-ucraineana.ro\/servicii\/#primaryimage"},"thumbnailUrl":"https:\/\/images.unsplash.com\/photo-1612350892460-b23f3320b073?q=85&amp;w=584&amp;h=438&amp;fit=crop","datePublished":"2025-10-08T05:47:13+00:00","dateModified":"2025-11-12T14:56:12+00:00","breadcrumb":{"@id":"https:\/\/traduceri-ucraineana.ro\/servicii\/#breadcrumb"},"inLanguage":"uk","potentialAction":[{"@type":"ReadAction","target":["https:\/\/traduceri-ucraineana.ro\/servicii\/"]}]},{"@type":"ImageObject","inLanguage":"uk","@id":"https:\/\/traduceri-ucraineana.ro\/servicii\/#primaryimage","url":"https:\/\/images.unsplash.com\/photo-1612350892460-b23f3320b073?q=85&amp;w=584&amp;h=438&amp;fit=crop","contentUrl":"https:\/\/images.unsplash.com\/photo-1612350892460-b23f3320b073?q=85&amp;w=584&amp;h=438&amp;fit=crop"},{"@type":"BreadcrumbList","@id":"https:\/\/traduceri-ucraineana.ro\/servicii\/#breadcrumb","itemListElement":[{"@type":"ListItem","position":1,"name":"Home","item":"https:\/\/traduceri-ucraineana.ro\/"},{"@type":"ListItem","position":2,"name":"Servicii"}]},{"@type":"WebSite","@id":"https:\/\/traduceri-ucraineana.ro\/#website","url":"https:\/\/traduceri-ucraineana.ro\/","name":"Traduceri autorizate rom\u00e2n\u0103 ucrainean\u0103","description":"","potentialAction":[{"@type":"SearchAction","target":{"@type":"EntryPoint","urlTemplate":"https:\/\/traduceri-ucraineana.ro\/?s={search_term_string}"},"query-input":{"@type":"PropertyValueSpecification","valueRequired":true,"valueName":"search_term_string"}}],"inLanguage":"uk"}]}},"_hostinger_reach_plugin_has_subscription_block":false,"_hostinger_reach_plugin_is_elementor":false,"_links":{"self":[{"href":"https:\/\/traduceri-ucraineana.ro\/uk\/wp-json\/wp\/v2\/pages\/6","targetHints":{"allow":["GET"]}}],"collection":[{"href":"https:\/\/traduceri-ucraineana.ro\/uk\/wp-json\/wp\/v2\/pages"}],"about":[{"href":"https:\/\/traduceri-ucraineana.ro\/uk\/wp-json\/wp\/v2\/types\/page"}],"author":[{"embeddable":true,"href":"https:\/\/traduceri-ucraineana.ro\/uk\/wp-json\/wp\/v2\/users\/1"}],"replies":[{"embeddable":true,"href":"https:\/\/traduceri-ucraineana.ro\/uk\/wp-json\/wp\/v2\/comments?post=6"}],"version-history":[{"count":59,"href":"https:\/\/traduceri-ucraineana.ro\/uk\/wp-json\/wp\/v2\/pages\/6\/revisions"}],"predecessor-version":[{"id":414,"href":"https:\/\/traduceri-ucraineana.ro\/uk\/wp-json\/wp\/v2\/pages\/6\/revisions\/414"}],"wp:attachment":[{"href":"https:\/\/traduceri-ucraineana.ro\/uk\/wp-json\/wp\/v2\/media?parent=6"}],"curies":[{"name":"wp","href":"https:\/\/api.w.org\/{rel}","templated":true}]}}