{"id":50,"date":"2025-10-09T10:03:54","date_gmt":"2025-10-09T10:03:54","guid":{"rendered":"https:\/\/traduceri-ucraineana.ro\/?page_id=50"},"modified":"2025-11-12T15:04:05","modified_gmt":"2025-11-12T15:04:05","slug":"bun-venit-pe-site-ul-meu-de-servicii-de-traducere-autorizata","status":"publish","type":"page","link":"https:\/\/traduceri-ucraineana.ro\/uk\/","title":{"rendered":"Bun venit pe site-ul meu de servicii de traducere autorizat\u0103!"},"content":{"rendered":"<div data-elementor-type=\"wp-page\" data-elementor-id=\"50\" class=\"elementor elementor-50\">\n\t\t\t\t<div class=\"elementor-element elementor-element-432ac666 e-con-full e-flex e-con e-parent\" data-id=\"432ac666\" data-element_type=\"container\">\n\t\t\t\t<div class=\"elementor-element elementor-element-787f147f elementor-widget-mobile__width-initial elementor-widget elementor-widget-text-editor\" data-id=\"787f147f\" data-element_type=\"widget\" data-widget_type=\"text-editor.default\">\n\t\t\t\t\t\t\t\t\t<h2><img fetchpriority=\"high\" decoding=\"async\" class=\"size-medium wp-image-47 aligncenter\" src=\"https:\/\/traduceri-ucraineana.ro\/wp-content\/uploads\/2025\/10\/095_GBS_2023.09.25_resize-300x200.jpg\" alt=\"\" width=\"300\" height=\"200\" \/><\/h2><p style=\"text-align: center;\"><span class=\"C9DxTc\">Despre mine!<\/span><\/p><p style=\"text-align: center;\"><span class=\"C9DxTc\">M\u0103 numesc Soare Alona, iar pasiunea mea pentru limbi str\u0103ine \u0219i comunicare m-a condus spre profesia de traduc\u0103tor autorizat. M-am n\u0103scut \u00een Ucraina, \u00eentr-un sat pitoresc numit Reni, unde limba rom\u00e2n\u0103 este o parte fireasc\u0103 a vie\u021bii noastre de zi cu zi.<\/span><\/p><p style=\"text-align: center;\"><span class=\"C9DxTc\">Aceast\u0103 leg\u0103tur\u0103 str\u00e2ns\u0103 cu limba rom\u00e2n\u0103, al\u0103turi de cunoa\u0219terea profund\u0103 a limbii \u0219i culturii ucrainene, \u00eemi permite s\u0103 ofer traduceri nu doar corecte, ci \u0219i sensibile din punct de vedere cultural.\u00a0<\/span><\/p><p style=\"text-align: center;\"><span class=\"C9DxTc\">Dac\u0103 sunte\u021bi \u00een c\u0103utarea unui traduc\u0103tor de \u00eencredere pentru limba ucrainean\u0103 \u0219i limba rom\u00e2n\u0103, v\u0103 stau la dispozi\u021bie!<\/span><\/p><p><!-- \/wp:list-item --><\/p><p><!-- \/wp:list --><\/p>\t\t\t\t\t\t\t\t<\/div>\n\t\t\t\t<\/div>\n\t\t\t\t<\/div>","protected":false},"excerpt":{"rendered":"<p>Despre mine! M\u0103 numesc Soare Alona, iar pasiunea mea pentru limbi str\u0103ine \u0219i comunicare m-a condus spre profesia de traduc\u0103tor autorizat. M-am n\u0103scut \u00een Ucraina, \u00eentr-un sat pitoresc numit Reni, unde limba rom\u00e2n\u0103 este o parte fireasc\u0103 a vie\u021bii noastre de zi cu zi. Aceast\u0103 leg\u0103tur\u0103 str\u00e2ns\u0103 cu limba rom\u00e2n\u0103, al\u0103turi de cunoa\u0219terea profund\u0103 a [&hellip;]<\/p>","protected":false},"author":1,"featured_media":0,"parent":0,"menu_order":0,"comment_status":"closed","ping_status":"closed","template":"","meta":{"footnotes":""},"class_list":["post-50","page","type-page","status-publish","hentry"],"yoast_head":"<!-- This site is optimized with the Yoast SEO plugin v26.2 - https:\/\/yoast.com\/wordpress\/plugins\/seo\/ -->\n<title>Bun venit pe site-ul meu de servicii de traducere autorizat\u0103! - Traduceri autorizate rom\u00e2n\u0103 - ucrainean\u0103 - rus\u0103<\/title>\n<meta name=\"robots\" content=\"index, follow, max-snippet:-1, max-image-preview:large, max-video-preview:-1\" \/>\n<link rel=\"canonical\" href=\"https:\/\/traduceri-ucraineana.ro\/uk\/\" \/>\n<meta property=\"og:locale\" content=\"uk_UA\" \/>\n<meta property=\"og:type\" content=\"article\" \/>\n<meta property=\"og:title\" content=\"Bun venit pe site-ul meu de servicii de traducere autorizat\u0103! - Traduceri autorizate rom\u00e2n\u0103 - ucrainean\u0103 - rus\u0103\" \/>\n<meta property=\"og:description\" content=\"Despre mine! M\u0103 numesc Soare Alona, iar pasiunea mea pentru limbi str\u0103ine \u0219i comunicare m-a condus spre profesia de traduc\u0103tor autorizat. M-am n\u0103scut \u00een Ucraina, \u00eentr-un sat pitoresc numit Reni, unde limba rom\u00e2n\u0103 este o parte fireasc\u0103 a vie\u021bii noastre de zi cu zi. Aceast\u0103 leg\u0103tur\u0103 str\u00e2ns\u0103 cu limba rom\u00e2n\u0103, al\u0103turi de cunoa\u0219terea profund\u0103 a [&hellip;]\" \/>\n<meta property=\"og:url\" content=\"https:\/\/traduceri-ucraineana.ro\/uk\/\" \/>\n<meta property=\"og:site_name\" content=\"Traduceri autorizate rom\u00e2n\u0103 - ucrainean\u0103 - rus\u0103\" \/>\n<meta property=\"article:publisher\" content=\"https:\/\/www.facebook.com\/alionamadjar87\/\" \/>\n<meta property=\"article:modified_time\" content=\"2025-11-12T15:04:05+00:00\" \/>\n<meta property=\"og:image\" content=\"https:\/\/traduceri-ucraineana.ro\/wp-content\/uploads\/2025\/10\/095_GBS_2023.09.25_resize.webp\" \/>\n\t<meta property=\"og:image:width\" content=\"1620\" \/>\n\t<meta property=\"og:image:height\" content=\"1080\" \/>\n\t<meta property=\"og:image:type\" content=\"image\/webp\" \/>\n<meta name=\"twitter:card\" content=\"summary_large_image\" \/>\n<meta name=\"twitter:label1\" content=\"\u041f\u0440\u0438\u0431\u043b. \u0447\u0430\u0441 \u0447\u0438\u0442\u0430\u043d\u043d\u044f\" \/>\n\t<meta name=\"twitter:data1\" content=\"1 \u0445\u0432\u0438\u043b\u0438\u043d\u0430\" \/>\n<script type=\"application\/ld+json\" class=\"yoast-schema-graph\">{\"@context\":\"https:\/\/schema.org\",\"@graph\":[{\"@type\":\"WebPage\",\"@id\":\"https:\/\/traduceri-ucraineana.ro\/\",\"url\":\"https:\/\/traduceri-ucraineana.ro\/\",\"name\":\"Bun venit pe site-ul meu de servicii de traducere autorizat\u0103! - Traduceri autorizate rom\u00e2n\u0103 - ucrainean\u0103 - rus\u0103\",\"isPartOf\":{\"@id\":\"https:\/\/traduceri-ucraineana.ro\/#website\"},\"primaryImageOfPage\":{\"@id\":\"https:\/\/traduceri-ucraineana.ro\/#primaryimage\"},\"image\":{\"@id\":\"https:\/\/traduceri-ucraineana.ro\/#primaryimage\"},\"thumbnailUrl\":\"https:\/\/traduceri-ucraineana.ro\/wp-content\/uploads\/2025\/10\/095_GBS_2023.09.25_resize-300x200.jpg\",\"datePublished\":\"2025-10-09T10:03:54+00:00\",\"dateModified\":\"2025-11-12T15:04:05+00:00\",\"breadcrumb\":{\"@id\":\"https:\/\/traduceri-ucraineana.ro\/#breadcrumb\"},\"inLanguage\":\"uk\",\"potentialAction\":[{\"@type\":\"ReadAction\",\"target\":[\"https:\/\/traduceri-ucraineana.ro\/\"]}]},{\"@type\":\"ImageObject\",\"inLanguage\":\"uk\",\"@id\":\"https:\/\/traduceri-ucraineana.ro\/#primaryimage\",\"url\":\"https:\/\/traduceri-ucraineana.ro\/wp-content\/uploads\/2025\/10\/095_GBS_2023.09.25_resize-300x200.jpg\",\"contentUrl\":\"https:\/\/traduceri-ucraineana.ro\/wp-content\/uploads\/2025\/10\/095_GBS_2023.09.25_resize-300x200.jpg\"},{\"@type\":\"BreadcrumbList\",\"@id\":\"https:\/\/traduceri-ucraineana.ro\/#breadcrumb\",\"itemListElement\":[{\"@type\":\"ListItem\",\"position\":1,\"name\":\"Home\",\"item\":\"https:\/\/traduceri-ucraineana.ro\/\"},{\"@type\":\"ListItem\",\"position\":2,\"name\":\"Bun venit pe site-ul meu de servicii de traducere autorizat\u0103!\"}]},{\"@type\":\"WebSite\",\"@id\":\"https:\/\/traduceri-ucraineana.ro\/#website\",\"url\":\"https:\/\/traduceri-ucraineana.ro\/\",\"name\":\"Traduceri autorizate rom\u00e2n\u0103 ucrainean\u0103\",\"description\":\"\",\"potentialAction\":[{\"@type\":\"SearchAction\",\"target\":{\"@type\":\"EntryPoint\",\"urlTemplate\":\"https:\/\/traduceri-ucraineana.ro\/?s={search_term_string}\"},\"query-input\":{\"@type\":\"PropertyValueSpecification\",\"valueRequired\":true,\"valueName\":\"search_term_string\"}}],\"inLanguage\":\"uk\"}]}<\/script>\n<!-- \/ Yoast SEO plugin. -->","yoast_head_json":{"title":"Bun venit pe site-ul meu de servicii de traducere autorizat\u0103! - Traduceri autorizate rom\u00e2n\u0103 - ucrainean\u0103 - rus\u0103","robots":{"index":"index","follow":"follow","max-snippet":"max-snippet:-1","max-image-preview":"max-image-preview:large","max-video-preview":"max-video-preview:-1"},"canonical":"https:\/\/traduceri-ucraineana.ro\/uk\/","og_locale":"uk_UA","og_type":"article","og_title":"Bun venit pe site-ul meu de servicii de traducere autorizat\u0103! - Traduceri autorizate rom\u00e2n\u0103 - ucrainean\u0103 - rus\u0103","og_description":"Despre mine! M\u0103 numesc Soare Alona, iar pasiunea mea pentru limbi str\u0103ine \u0219i comunicare m-a condus spre profesia de traduc\u0103tor autorizat. M-am n\u0103scut \u00een Ucraina, \u00eentr-un sat pitoresc numit Reni, unde limba rom\u00e2n\u0103 este o parte fireasc\u0103 a vie\u021bii noastre de zi cu zi. Aceast\u0103 leg\u0103tur\u0103 str\u00e2ns\u0103 cu limba rom\u00e2n\u0103, al\u0103turi de cunoa\u0219terea profund\u0103 a [&hellip;]","og_url":"https:\/\/traduceri-ucraineana.ro\/uk\/","og_site_name":"Traduceri autorizate rom\u00e2n\u0103 - ucrainean\u0103 - rus\u0103","article_publisher":"https:\/\/www.facebook.com\/alionamadjar87\/","article_modified_time":"2025-11-12T15:04:05+00:00","og_image":[{"width":1620,"height":1080,"url":"https:\/\/traduceri-ucraineana.ro\/wp-content\/uploads\/2025\/10\/095_GBS_2023.09.25_resize.webp","type":"image\/webp"}],"twitter_card":"summary_large_image","twitter_misc":{"\u041f\u0440\u0438\u0431\u043b. \u0447\u0430\u0441 \u0447\u0438\u0442\u0430\u043d\u043d\u044f":"1 \u0445\u0432\u0438\u043b\u0438\u043d\u0430"},"schema":{"@context":"https:\/\/schema.org","@graph":[{"@type":"WebPage","@id":"https:\/\/traduceri-ucraineana.ro\/","url":"https:\/\/traduceri-ucraineana.ro\/","name":"Bun venit pe site-ul meu de servicii de traducere autorizat\u0103! - Traduceri autorizate rom\u00e2n\u0103 - ucrainean\u0103 - rus\u0103","isPartOf":{"@id":"https:\/\/traduceri-ucraineana.ro\/#website"},"primaryImageOfPage":{"@id":"https:\/\/traduceri-ucraineana.ro\/#primaryimage"},"image":{"@id":"https:\/\/traduceri-ucraineana.ro\/#primaryimage"},"thumbnailUrl":"https:\/\/traduceri-ucraineana.ro\/wp-content\/uploads\/2025\/10\/095_GBS_2023.09.25_resize-300x200.jpg","datePublished":"2025-10-09T10:03:54+00:00","dateModified":"2025-11-12T15:04:05+00:00","breadcrumb":{"@id":"https:\/\/traduceri-ucraineana.ro\/#breadcrumb"},"inLanguage":"uk","potentialAction":[{"@type":"ReadAction","target":["https:\/\/traduceri-ucraineana.ro\/"]}]},{"@type":"ImageObject","inLanguage":"uk","@id":"https:\/\/traduceri-ucraineana.ro\/#primaryimage","url":"https:\/\/traduceri-ucraineana.ro\/wp-content\/uploads\/2025\/10\/095_GBS_2023.09.25_resize-300x200.jpg","contentUrl":"https:\/\/traduceri-ucraineana.ro\/wp-content\/uploads\/2025\/10\/095_GBS_2023.09.25_resize-300x200.jpg"},{"@type":"BreadcrumbList","@id":"https:\/\/traduceri-ucraineana.ro\/#breadcrumb","itemListElement":[{"@type":"ListItem","position":1,"name":"Home","item":"https:\/\/traduceri-ucraineana.ro\/"},{"@type":"ListItem","position":2,"name":"Bun venit pe site-ul meu de servicii de traducere autorizat\u0103!"}]},{"@type":"WebSite","@id":"https:\/\/traduceri-ucraineana.ro\/#website","url":"https:\/\/traduceri-ucraineana.ro\/","name":"Traduceri autorizate rom\u00e2n\u0103 ucrainean\u0103","description":"","potentialAction":[{"@type":"SearchAction","target":{"@type":"EntryPoint","urlTemplate":"https:\/\/traduceri-ucraineana.ro\/?s={search_term_string}"},"query-input":{"@type":"PropertyValueSpecification","valueRequired":true,"valueName":"search_term_string"}}],"inLanguage":"uk"}]}},"_hostinger_reach_plugin_has_subscription_block":false,"_hostinger_reach_plugin_is_elementor":false,"_links":{"self":[{"href":"https:\/\/traduceri-ucraineana.ro\/uk\/wp-json\/wp\/v2\/pages\/50","targetHints":{"allow":["GET"]}}],"collection":[{"href":"https:\/\/traduceri-ucraineana.ro\/uk\/wp-json\/wp\/v2\/pages"}],"about":[{"href":"https:\/\/traduceri-ucraineana.ro\/uk\/wp-json\/wp\/v2\/types\/page"}],"author":[{"embeddable":true,"href":"https:\/\/traduceri-ucraineana.ro\/uk\/wp-json\/wp\/v2\/users\/1"}],"replies":[{"embeddable":true,"href":"https:\/\/traduceri-ucraineana.ro\/uk\/wp-json\/wp\/v2\/comments?post=50"}],"version-history":[{"count":55,"href":"https:\/\/traduceri-ucraineana.ro\/uk\/wp-json\/wp\/v2\/pages\/50\/revisions"}],"predecessor-version":[{"id":424,"href":"https:\/\/traduceri-ucraineana.ro\/uk\/wp-json\/wp\/v2\/pages\/50\/revisions\/424"}],"wp:attachment":[{"href":"https:\/\/traduceri-ucraineana.ro\/uk\/wp-json\/wp\/v2\/media?parent=50"}],"curies":[{"name":"wp","href":"https:\/\/api.w.org\/{rel}","templated":true}]}}